{"id":60,"date":"2015-12-20T22:17:37","date_gmt":"2015-12-20T22:17:37","guid":{"rendered":"http:\/\/www.restaurantegloria.com.br\/site\/?page_id=60"},"modified":"2025-07-21T00:15:02","modified_gmt":"2025-07-21T00:15:02","slug":"contato","status":"publish","type":"page","link":"http:\/\/www.restaurantegloria.com.br\/site\/contato\/","title":{"rendered":"Contato"},"content":{"rendered":"<h2>ENTRE EM CONTATO CONOSCO<\/h2>\n<p>&nbsp;<\/p>\n<h3>Telefone:<\/h3>\n<h3><strong>47 3422-2919<\/strong><\/h3>\n<p>&nbsp;<\/p>\n<hr \/>\n<h3><\/h3>\n<h3>WhatsApp:<\/h3>\n<h3><strong>47 99638-2552\u00a0<\/strong><\/h3>\n<p><a href=\"https:\/\/wa.me\/5547996382552\" target=\"_blank\"><em>Clique para abrir conversa<\/em><\/a><\/p>\n<p>&nbsp;<\/p>\n<hr \/>\n<p>&nbsp;<\/p>\n<h3>E-mail:<\/h3>\n<h3><strong>restaurante@restaurantegloria.com.br<\/strong><\/h3>\n<p><a href=\"mailto:restaurante@restaurantegloria.com.br?subject=Contato%20via%20site&#038;body=Ol\u00e1%2C%20gostaria%20de%20mais%20informa\u00e7\u00f5es.\"><em>Clique para enviar e-mail<\/em><\/a><\/p>\n<p>&nbsp;<\/p>\n<hr \/>\n<aside id=\"text-2\" class=\"sidebar-box widget_text\">\n<h3><\/h3>\n<h3 class=\"textwidget\">Endere\u00e7o:<\/h3>\n<h3 class=\"textwidget\"><strong>RUA XV DE NOVEMBRO, 2250<\/strong><\/h3>\n<h3 class=\"textwidget\"><strong>BAIRRO GL\u00d3RIA<\/strong><\/h3>\n<h3 class=\"textwidget\"><strong>JOINVILLE, SANTA CATARINA<\/strong><\/h3>\n<p><a href=\"https:\/\/www.google.com\/maps\/dir\/\/Restaurante+Gl\u00f3ria+R.+Marqu\u00eas+de+Olinda,+3451+-+Gl\u00f3ria+Joinville+-+SC+89216-100\/@-26.2947977,-48.8644969,4150m\/data=!3m1!1e3!4m8!4m7!1m0!1m5!1m1!1s0x94deb019ee3fd74b:0x852da130fd31e852!2m2!1d-48.8644969!2d-26.2947977?entry=ttu\" target=\"_blank\"><br \/>\n  <em>Clique para abrir no Google Maps<\/em><br \/>\n<\/a><\/p>\n<\/aside>\n<p><iframe loading=\"lazy\" style=\"border: 0;\" src=\"https:\/\/www.google.com\/maps\/embed?pb=!1m18!1m12!1m3!1d9063.172483397748!2d-48.86577916753171!3d-26.294148923740206!2m3!1f0!2f0!3f0!3m2!1i1024!2i768!4f13.1!3m3!1m2!1s0x94deb019ee3fd74b%3A0x852da130fd31e852!2sRestaurante%20Gl%C3%B3ria!5e1!3m2!1spt-BR!2sbr!4v1753055825154!5m2!1spt-BR!2sbr\" width=\"100%\" height=\"450\" allowfullscreen=\"allowfullscreen\"><br \/>\n<\/iframe><\/p>\n","protected":false},"excerpt":{"rendered":"<p>ENTRE EM CONTATO CONOSCO &nbsp; Telefone: 47 3422-2919 &nbsp; WhatsApp: 47 99638-2552\u00a0 Clique para abrir conversa &nbsp; &nbsp; E-mail: restaurante@restaurantegloria.com.br [&hellip;]<\/p>\n","protected":false},"author":1,"featured_media":0,"parent":0,"menu_order":0,"comment_status":"closed","ping_status":"closed","template":"","meta":{"footnotes":""},"class_list":["post-60","page","type-page","status-publish","hentry"],"_links":{"self":[{"href":"http:\/\/www.restaurantegloria.com.br\/site\/wp-json\/wp\/v2\/pages\/60","targetHints":{"allow":["GET"]}}],"collection":[{"href":"http:\/\/www.restaurantegloria.com.br\/site\/wp-json\/wp\/v2\/pages"}],"about":[{"href":"http:\/\/www.restaurantegloria.com.br\/site\/wp-json\/wp\/v2\/types\/page"}],"author":[{"embeddable":true,"href":"http:\/\/www.restaurantegloria.com.br\/site\/wp-json\/wp\/v2\/users\/1"}],"replies":[{"embeddable":true,"href":"http:\/\/www.restaurantegloria.com.br\/site\/wp-json\/wp\/v2\/comments?post=60"}],"version-history":[{"count":42,"href":"http:\/\/www.restaurantegloria.com.br\/site\/wp-json\/wp\/v2\/pages\/60\/revisions"}],"predecessor-version":[{"id":412,"href":"http:\/\/www.restaurantegloria.com.br\/site\/wp-json\/wp\/v2\/pages\/60\/revisions\/412"}],"wp:attachment":[{"href":"http:\/\/www.restaurantegloria.com.br\/site\/wp-json\/wp\/v2\/media?parent=60"}],"curies":[{"name":"wp","href":"https:\/\/api.w.org\/{rel}","templated":true}]}}