{"id":71,"date":"2015-12-21T00:14:12","date_gmt":"2015-12-21T00:14:12","guid":{"rendered":"http:\/\/www.restaurantegloria.com.br\/site\/?page_id=71"},"modified":"2020-03-11T02:56:24","modified_gmt":"2020-03-11T02:56:24","slug":"salao-social","status":"publish","type":"page","link":"http:\/\/www.restaurantegloria.com.br\/site\/salao-social\/","title":{"rendered":"Sal\u00e3o Social"},"content":{"rendered":"<h3 style=\"text-align: justify;\">O Sal\u00e3o Social \u00e9 o maior e mais tradicional espa\u00e7o para eventos do Restaurante Gl\u00f3ria. Pode receber confortavelmente at\u00e9 550 pessoas e possibilita diferentes layouts.<\/h3>\n<h3 style=\"text-align: justify;\">J\u00e1 foi palco de centenas de casamentos, formaturas, festas corporativas, eventos sociais e outras comemora\u00e7\u00f5es. Tornando-se um dos mais conhecidos\u00a0locais\u00a0de\u00a0eventos de Joinville.<\/h3>\n<h3 style=\"text-align: justify;\"><\/h3>\n<div class=\"quick-gallery page-masonry\"><div class=\"qg-img qg-no-title\" data-defwidth=\"383\"><a href=\"http:\/\/www.restaurantegloria.com.br\/site\/wp-content\/uploads\/2015\/12\/Social-19.jpg\" data-rel=\"lightbox[group-711]\" title=\"\" ><img decoding=\"async\" src=\"http:\/\/www.restaurantegloria.com.br\/site\/wp-content\/uploads\/2015\/12\/Social-19-383x164.jpg\" alt=\"\"\/><div class=\"qg-overlay\"><span class=\"icon-circle\"><span class=\"pg-icon lightbox-icon\"><\/span><\/span><\/div><\/a><\/div><div class=\"qg-img qg-no-title\" data-defwidth=\"383\"><a href=\"http:\/\/www.restaurantegloria.com.br\/site\/wp-content\/uploads\/2015\/12\/Social-18.jpg\" data-rel=\"lightbox[group-711]\" title=\"\" ><img decoding=\"async\" src=\"http:\/\/www.restaurantegloria.com.br\/site\/wp-content\/uploads\/2015\/12\/Social-18-383x255.jpg\" alt=\"\"\/><div class=\"qg-overlay\"><span class=\"icon-circle\"><span class=\"pg-icon lightbox-icon\"><\/span><\/span><\/div><\/a><\/div><div class=\"qg-img qg-no-title\" data-defwidth=\"383\"><a href=\"http:\/\/www.restaurantegloria.com.br\/site\/wp-content\/uploads\/2015\/12\/Social-17.jpg\" data-rel=\"lightbox[group-711]\" title=\"\" ><img decoding=\"async\" src=\"http:\/\/www.restaurantegloria.com.br\/site\/wp-content\/uploads\/2015\/12\/Social-17-383x255.jpg\" alt=\"\"\/><div class=\"qg-overlay\"><span class=\"icon-circle\"><span class=\"pg-icon lightbox-icon\"><\/span><\/span><\/div><\/a><\/div><div class=\"qg-img qg-no-title\" data-defwidth=\"383\"><a href=\"http:\/\/www.restaurantegloria.com.br\/site\/wp-content\/uploads\/2015\/12\/Social-16.jpg\" data-rel=\"lightbox[group-711]\" title=\"\" ><img decoding=\"async\" src=\"http:\/\/www.restaurantegloria.com.br\/site\/wp-content\/uploads\/2015\/12\/Social-16-383x255.jpg\" alt=\"\"\/><div class=\"qg-overlay\"><span class=\"icon-circle\"><span class=\"pg-icon lightbox-icon\"><\/span><\/span><\/div><\/a><\/div><div class=\"qg-img qg-no-title\" data-defwidth=\"383\"><a href=\"http:\/\/www.restaurantegloria.com.br\/site\/wp-content\/uploads\/2015\/12\/Social-15.jpg\" data-rel=\"lightbox[group-711]\" title=\"\" ><img decoding=\"async\" src=\"http:\/\/www.restaurantegloria.com.br\/site\/wp-content\/uploads\/2015\/12\/Social-15-383x255.jpg\" alt=\"\"\/><div class=\"qg-overlay\"><span class=\"icon-circle\"><span class=\"pg-icon lightbox-icon\"><\/span><\/span><\/div><\/a><\/div><div class=\"qg-img qg-no-title\" data-defwidth=\"383\"><a href=\"http:\/\/www.restaurantegloria.com.br\/site\/wp-content\/uploads\/2015\/12\/Social-14.jpg\" data-rel=\"lightbox[group-711]\" title=\"\" ><img decoding=\"async\" src=\"http:\/\/www.restaurantegloria.com.br\/site\/wp-content\/uploads\/2015\/12\/Social-14-383x255.jpg\" alt=\"\"\/><div class=\"qg-overlay\"><span class=\"icon-circle\"><span class=\"pg-icon lightbox-icon\"><\/span><\/span><\/div><\/a><\/div><div class=\"qg-img qg-no-title\" data-defwidth=\"383\"><a href=\"http:\/\/www.restaurantegloria.com.br\/site\/wp-content\/uploads\/2015\/12\/Social-13.jpg\" data-rel=\"lightbox[group-711]\" title=\"\" ><img decoding=\"async\" src=\"http:\/\/www.restaurantegloria.com.br\/site\/wp-content\/uploads\/2015\/12\/Social-13-383x255.jpg\" alt=\"\"\/><div class=\"qg-overlay\"><span class=\"icon-circle\"><span class=\"pg-icon lightbox-icon\"><\/span><\/span><\/div><\/a><\/div><div class=\"qg-img qg-no-title\" data-defwidth=\"383\"><a href=\"http:\/\/www.restaurantegloria.com.br\/site\/wp-content\/uploads\/2015\/12\/Social-12.jpg\" data-rel=\"lightbox[group-711]\" title=\"\" ><img decoding=\"async\" src=\"http:\/\/www.restaurantegloria.com.br\/site\/wp-content\/uploads\/2015\/12\/Social-12-383x255.jpg\" alt=\"\"\/><div class=\"qg-overlay\"><span class=\"icon-circle\"><span class=\"pg-icon lightbox-icon\"><\/span><\/span><\/div><\/a><\/div><div class=\"qg-img qg-no-title\" data-defwidth=\"383\"><a href=\"http:\/\/www.restaurantegloria.com.br\/site\/wp-content\/uploads\/2015\/12\/Social-11.jpg\" data-rel=\"lightbox[group-711]\" title=\"\" ><img decoding=\"async\" src=\"http:\/\/www.restaurantegloria.com.br\/site\/wp-content\/uploads\/2015\/12\/Social-11-383x255.jpg\" alt=\"\"\/><div class=\"qg-overlay\"><span class=\"icon-circle\"><span class=\"pg-icon lightbox-icon\"><\/span><\/span><\/div><\/a><\/div><div class=\"qg-img qg-no-title\" data-defwidth=\"383\"><a href=\"http:\/\/www.restaurantegloria.com.br\/site\/wp-content\/uploads\/2015\/12\/Social-10.jpg\" data-rel=\"lightbox[group-711]\" title=\"\" ><img decoding=\"async\" src=\"http:\/\/www.restaurantegloria.com.br\/site\/wp-content\/uploads\/2015\/12\/Social-10-383x255.jpg\" alt=\"\"\/><div class=\"qg-overlay\"><span class=\"icon-circle\"><span class=\"pg-icon lightbox-icon\"><\/span><\/span><\/div><\/a><\/div><div class=\"qg-img qg-no-title\" data-defwidth=\"383\"><a href=\"http:\/\/www.restaurantegloria.com.br\/site\/wp-content\/uploads\/2015\/12\/Social-9.jpg\" data-rel=\"lightbox[group-711]\" title=\"\" ><img decoding=\"async\" src=\"http:\/\/www.restaurantegloria.com.br\/site\/wp-content\/uploads\/2015\/12\/Social-9-383x255.jpg\" alt=\"\"\/><div class=\"qg-overlay\"><span class=\"icon-circle\"><span class=\"pg-icon lightbox-icon\"><\/span><\/span><\/div><\/a><\/div><div class=\"qg-img qg-no-title\" data-defwidth=\"383\"><a href=\"http:\/\/www.restaurantegloria.com.br\/site\/wp-content\/uploads\/2015\/12\/Social-8.jpg\" data-rel=\"lightbox[group-711]\" title=\"\" ><img decoding=\"async\" src=\"http:\/\/www.restaurantegloria.com.br\/site\/wp-content\/uploads\/2015\/12\/Social-8-383x255.jpg\" alt=\"\"\/><div class=\"qg-overlay\"><span class=\"icon-circle\"><span class=\"pg-icon lightbox-icon\"><\/span><\/span><\/div><\/a><\/div><div class=\"qg-img qg-no-title\" data-defwidth=\"383\"><a href=\"http:\/\/www.restaurantegloria.com.br\/site\/wp-content\/uploads\/2015\/12\/Social-7.jpg\" data-rel=\"lightbox[group-711]\" title=\"\" ><img decoding=\"async\" src=\"http:\/\/www.restaurantegloria.com.br\/site\/wp-content\/uploads\/2015\/12\/Social-7-383x255.jpg\" alt=\"\"\/><div class=\"qg-overlay\"><span class=\"icon-circle\"><span class=\"pg-icon lightbox-icon\"><\/span><\/span><\/div><\/a><\/div><div class=\"qg-img qg-no-title\" data-defwidth=\"383\"><a href=\"http:\/\/www.restaurantegloria.com.br\/site\/wp-content\/uploads\/2015\/12\/Social-6.jpg\" data-rel=\"lightbox[group-711]\" title=\"\" ><img decoding=\"async\" src=\"http:\/\/www.restaurantegloria.com.br\/site\/wp-content\/uploads\/2015\/12\/Social-6-383x255.jpg\" alt=\"\"\/><div class=\"qg-overlay\"><span class=\"icon-circle\"><span class=\"pg-icon lightbox-icon\"><\/span><\/span><\/div><\/a><\/div><div class=\"qg-img qg-no-title\" data-defwidth=\"383\"><a href=\"http:\/\/www.restaurantegloria.com.br\/site\/wp-content\/uploads\/2015\/12\/Social-5.jpg\" data-rel=\"lightbox[group-711]\" title=\"\" ><img decoding=\"async\" src=\"http:\/\/www.restaurantegloria.com.br\/site\/wp-content\/uploads\/2015\/12\/Social-5-383x255.jpg\" alt=\"\"\/><div class=\"qg-overlay\"><span class=\"icon-circle\"><span class=\"pg-icon lightbox-icon\"><\/span><\/span><\/div><\/a><\/div><div class=\"qg-img qg-no-title\" data-defwidth=\"383\"><a href=\"http:\/\/www.restaurantegloria.com.br\/site\/wp-content\/uploads\/2015\/12\/Social-4.jpg\" data-rel=\"lightbox[group-711]\" title=\"\" ><img decoding=\"async\" src=\"http:\/\/www.restaurantegloria.com.br\/site\/wp-content\/uploads\/2015\/12\/Social-4-383x255.jpg\" alt=\"\"\/><div class=\"qg-overlay\"><span class=\"icon-circle\"><span class=\"pg-icon lightbox-icon\"><\/span><\/span><\/div><\/a><\/div><div class=\"qg-img qg-no-title\" data-defwidth=\"383\"><a href=\"http:\/\/www.restaurantegloria.com.br\/site\/wp-content\/uploads\/2015\/12\/Social-3.jpg\" data-rel=\"lightbox[group-711]\" title=\"\" ><img decoding=\"async\" src=\"http:\/\/www.restaurantegloria.com.br\/site\/wp-content\/uploads\/2015\/12\/Social-3-383x255.jpg\" alt=\"\"\/><div class=\"qg-overlay\"><span class=\"icon-circle\"><span class=\"pg-icon lightbox-icon\"><\/span><\/span><\/div><\/a><\/div><div class=\"qg-img qg-no-title\" data-defwidth=\"383\"><a href=\"http:\/\/www.restaurantegloria.com.br\/site\/wp-content\/uploads\/2015\/12\/Social-2.jpg\" data-rel=\"lightbox[group-711]\" title=\"\" ><img decoding=\"async\" src=\"http:\/\/www.restaurantegloria.com.br\/site\/wp-content\/uploads\/2015\/12\/Social-2-383x255.jpg\" alt=\"\"\/><div class=\"qg-overlay\"><span class=\"icon-circle\"><span class=\"pg-icon lightbox-icon\"><\/span><\/span><\/div><\/a><\/div><div class=\"qg-img qg-no-title\" data-defwidth=\"383\"><a href=\"http:\/\/www.restaurantegloria.com.br\/site\/wp-content\/uploads\/2015\/12\/Social-1.jpg\" data-rel=\"lightbox[group-711]\" title=\"\" ><img decoding=\"async\" src=\"http:\/\/www.restaurantegloria.com.br\/site\/wp-content\/uploads\/2015\/12\/Social-1-383x255.jpg\" alt=\"\"\/><div class=\"qg-overlay\"><span class=\"icon-circle\"><span class=\"pg-icon lightbox-icon\"><\/span><\/span><\/div><\/a><\/div><div class=\"qg-img qg-no-title\" data-defwidth=\"383\"><a href=\"http:\/\/www.restaurantegloria.com.br\/site\/wp-content\/uploads\/2015\/12\/Sal\u00e3o_Social_12.jpg\" data-rel=\"lightbox[group-711]\" title=\"\" ><img decoding=\"async\" src=\"http:\/\/www.restaurantegloria.com.br\/site\/wp-content\/uploads\/2015\/12\/Sal\u00e3o_Social_12-383x255.jpg\" alt=\"\"\/><div class=\"qg-overlay\"><span class=\"icon-circle\"><span class=\"pg-icon lightbox-icon\"><\/span><\/span><\/div><\/a><\/div><div class=\"qg-img qg-no-title\" data-defwidth=\"383\"><a href=\"http:\/\/www.restaurantegloria.com.br\/site\/wp-content\/uploads\/2015\/12\/Sal\u00e3o_Social_11.jpg\" data-rel=\"lightbox[group-711]\" title=\"\" ><img decoding=\"async\" src=\"http:\/\/www.restaurantegloria.com.br\/site\/wp-content\/uploads\/2015\/12\/Sal\u00e3o_Social_11-383x255.jpg\" alt=\"\"\/><div class=\"qg-overlay\"><span class=\"icon-circle\"><span class=\"pg-icon lightbox-icon\"><\/span><\/span><\/div><\/a><\/div><div class=\"qg-img qg-no-title\" data-defwidth=\"383\"><a href=\"http:\/\/www.restaurantegloria.com.br\/site\/wp-content\/uploads\/2015\/12\/Sal\u00e3o_Social_10.jpg\" data-rel=\"lightbox[group-711]\" title=\"\" ><img decoding=\"async\" src=\"http:\/\/www.restaurantegloria.com.br\/site\/wp-content\/uploads\/2015\/12\/Sal\u00e3o_Social_10-383x255.jpg\" alt=\"\"\/><div class=\"qg-overlay\"><span class=\"icon-circle\"><span class=\"pg-icon lightbox-icon\"><\/span><\/span><\/div><\/a><\/div><div class=\"qg-img qg-no-title\" data-defwidth=\"383\"><a href=\"http:\/\/www.restaurantegloria.com.br\/site\/wp-content\/uploads\/2015\/12\/Sal\u00e3o_Social_09.jpg\" data-rel=\"lightbox[group-711]\" title=\"\" ><img decoding=\"async\" src=\"http:\/\/www.restaurantegloria.com.br\/site\/wp-content\/uploads\/2015\/12\/Sal\u00e3o_Social_09-383x255.jpg\" alt=\"\"\/><div class=\"qg-overlay\"><span class=\"icon-circle\"><span class=\"pg-icon lightbox-icon\"><\/span><\/span><\/div><\/a><\/div><div class=\"qg-img qg-no-title\" data-defwidth=\"383\"><a href=\"http:\/\/www.restaurantegloria.com.br\/site\/wp-content\/uploads\/2015\/12\/Sal\u00e3o_Social_07.jpg\" data-rel=\"lightbox[group-711]\" title=\"\" ><img decoding=\"async\" src=\"http:\/\/www.restaurantegloria.com.br\/site\/wp-content\/uploads\/2015\/12\/Sal\u00e3o_Social_07-383x255.jpg\" alt=\"\"\/><div class=\"qg-overlay\"><span class=\"icon-circle\"><span class=\"pg-icon lightbox-icon\"><\/span><\/span><\/div><\/a><\/div><div class=\"qg-img qg-no-title\" data-defwidth=\"383\"><a href=\"http:\/\/www.restaurantegloria.com.br\/site\/wp-content\/uploads\/2015\/12\/Sal\u00e3o_Social_06.jpg\" data-rel=\"lightbox[group-711]\" title=\"\" ><img decoding=\"async\" src=\"http:\/\/www.restaurantegloria.com.br\/site\/wp-content\/uploads\/2015\/12\/Sal\u00e3o_Social_06-383x255.jpg\" alt=\"\"\/><div class=\"qg-overlay\"><span class=\"icon-circle\"><span class=\"pg-icon lightbox-icon\"><\/span><\/span><\/div><\/a><\/div><div class=\"qg-img qg-no-title\" data-defwidth=\"383\"><a href=\"http:\/\/www.restaurantegloria.com.br\/site\/wp-content\/uploads\/2015\/12\/Sal\u00e3o_Social_08.jpg\" data-rel=\"lightbox[group-711]\" title=\"\" ><img decoding=\"async\" src=\"http:\/\/www.restaurantegloria.com.br\/site\/wp-content\/uploads\/2015\/12\/Sal\u00e3o_Social_08-383x255.jpg\" alt=\"\"\/><div class=\"qg-overlay\"><span class=\"icon-circle\"><span class=\"pg-icon lightbox-icon\"><\/span><\/span><\/div><\/a><\/div><div class=\"qg-img qg-no-title\" data-defwidth=\"383\"><a href=\"http:\/\/www.restaurantegloria.com.br\/site\/wp-content\/uploads\/2015\/12\/Sal\u00e3o_Social_05.jpg\" data-rel=\"lightbox[group-711]\" title=\"\" ><img decoding=\"async\" src=\"http:\/\/www.restaurantegloria.com.br\/site\/wp-content\/uploads\/2015\/12\/Sal\u00e3o_Social_05-383x255.jpg\" alt=\"\"\/><div class=\"qg-overlay\"><span class=\"icon-circle\"><span class=\"pg-icon lightbox-icon\"><\/span><\/span><\/div><\/a><\/div><div class=\"qg-img qg-no-title\" data-defwidth=\"383\"><a href=\"http:\/\/www.restaurantegloria.com.br\/site\/wp-content\/uploads\/2015\/12\/Sal\u00e3o_Social2-1.jpg\" data-rel=\"lightbox[group-711]\" title=\"\" ><img decoding=\"async\" src=\"http:\/\/www.restaurantegloria.com.br\/site\/wp-content\/uploads\/2015\/12\/Sal\u00e3o_Social2-1-383x255.jpg\" alt=\"\"\/><div class=\"qg-overlay\"><span class=\"icon-circle\"><span class=\"pg-icon lightbox-icon\"><\/span><\/span><\/div><\/a><\/div><div class=\"clear\"><\/div><\/div>\n<div class=\"section-full-width section-dark-bg parallax-fixed\" style=\"background-color:#a9dc93;\" id=\"section-1\"><div style=\"background-image:url(http:\/\/www.restaurantegloria.com.br\/site\/wp-content\/uploads\/2015\/12\/Salao_Social-1.jpg); opacity:0.2; filter: alpha(opacity=20);\" class=\"full-bg-image\" ><\/div><div class=\"section-boxed\" style=\"color:#ffffff;\"><div class=\"cta-element\"><h2 class=\"cta-title\">FA\u00c7A UM OR\u00c7AMENTO<\/h2><a class=\"button\" href=\"http:\/\/www.restaurantegloria.com.br\/site\/contato\/\" style=\"background-color:#39892f\">Solicitar agora<\/a><\/div>\n<\/div><\/div>\n","protected":false},"excerpt":{"rendered":"<p>O Sal\u00e3o Social \u00e9 o maior e mais tradicional espa\u00e7o para eventos do Restaurante Gl\u00f3ria. Pode receber confortavelmente at\u00e9 550 [&hellip;]<\/p>\n","protected":false},"author":1,"featured_media":0,"parent":0,"menu_order":0,"comment_status":"closed","ping_status":"closed","template":"template-full-custom.php","meta":{"footnotes":""},"class_list":["post-71","page","type-page","status-publish","hentry"],"_links":{"self":[{"href":"http:\/\/www.restaurantegloria.com.br\/site\/wp-json\/wp\/v2\/pages\/71","targetHints":{"allow":["GET"]}}],"collection":[{"href":"http:\/\/www.restaurantegloria.com.br\/site\/wp-json\/wp\/v2\/pages"}],"about":[{"href":"http:\/\/www.restaurantegloria.com.br\/site\/wp-json\/wp\/v2\/types\/page"}],"author":[{"embeddable":true,"href":"http:\/\/www.restaurantegloria.com.br\/site\/wp-json\/wp\/v2\/users\/1"}],"replies":[{"embeddable":true,"href":"http:\/\/www.restaurantegloria.com.br\/site\/wp-json\/wp\/v2\/comments?post=71"}],"version-history":[{"count":13,"href":"http:\/\/www.restaurantegloria.com.br\/site\/wp-json\/wp\/v2\/pages\/71\/revisions"}],"predecessor-version":[{"id":304,"href":"http:\/\/www.restaurantegloria.com.br\/site\/wp-json\/wp\/v2\/pages\/71\/revisions\/304"}],"wp:attachment":[{"href":"http:\/\/www.restaurantegloria.com.br\/site\/wp-json\/wp\/v2\/media?parent=71"}],"curies":[{"name":"wp","href":"https:\/\/api.w.org\/{rel}","templated":true}]}}