{"id":87,"date":"2015-12-21T00:35:08","date_gmt":"2015-12-21T00:35:08","guid":{"rendered":"http:\/\/www.restaurantegloria.com.br\/site\/?page_id=87"},"modified":"2025-07-20T22:04:11","modified_gmt":"2025-07-20T22:04:11","slug":"almoco","status":"publish","type":"page","link":"http:\/\/www.restaurantegloria.com.br\/site\/almoco\/","title":{"rendered":"Almo\u00e7o"},"content":{"rendered":"<h3 style=\"text-align: justify;\">O Restaurante Gl\u00f3ria oferece diariamente buffet de comida a quilo, elaborado com muita variedade de carnes, acompanhamentos, saladas e sobremesas.<\/h3>\n<h3 style=\"text-align: justify;\">S\u00e3o 33 anos satisfazendo o paladar de centenas de pessoas todos os dias. Este reconhecimento certifica-se atrav\u00e9s da qualifica\u00e7\u00e3o dos profissionais, estrutura confort\u00e1vel, parcerias com grandes fornecedores de alimentos e, principalmente, o acompanhamento junto \u00e0 opini\u00e3o dos clientes.<\/h3>\n<h3 style=\"text-align: justify;\">A estrutura de atendimento\u00a0disp\u00f5e de estacionamento para mais de 260 carros simultaneamente, dois buffets com quatro acessos nos hor\u00e1rios de maior fluxo, cinco caixas para rapidez no pagamento, climatiza\u00e7\u00e3o e acessibilidade para cadeirantes.<\/h3>\n<h3 style=\"text-align: justify;\">No almo\u00e7o atendemos segunda a s\u00e1bado, das 11h \u00e0s 14h15, e domingos e feriados das 11h \u00e0s 14h45.<\/h3>\n<p>&nbsp;<\/p>\n<div class=\"quick-gallery page-masonry\"><div class=\"qg-img qg-no-title\" data-defwidth=\"383\"><a href=\"http:\/\/www.restaurantegloria.com.br\/site\/wp-content\/uploads\/2022\/11\/RestauranteGl\u00f3ria_016-scaled.jpg\" data-rel=\"lightbox[group-871]\" title=\"\" ><img decoding=\"async\" src=\"http:\/\/www.restaurantegloria.com.br\/site\/wp-content\/uploads\/2022\/11\/RestauranteGl\u00f3ria_016-scaled-383x256.jpg\" alt=\"\"\/><div class=\"qg-overlay\"><span class=\"icon-circle\"><span class=\"pg-icon lightbox-icon\"><\/span><\/span><\/div><\/a><\/div><div class=\"qg-img qg-no-title\" data-defwidth=\"383\"><a href=\"http:\/\/www.restaurantegloria.com.br\/site\/wp-content\/uploads\/2022\/11\/RestauranteGl\u00f3ria_007-scaled.jpg\" data-rel=\"lightbox[group-871]\" title=\"\" ><img decoding=\"async\" src=\"http:\/\/www.restaurantegloria.com.br\/site\/wp-content\/uploads\/2022\/11\/RestauranteGl\u00f3ria_007-scaled-383x256.jpg\" alt=\"\"\/><div class=\"qg-overlay\"><span class=\"icon-circle\"><span class=\"pg-icon lightbox-icon\"><\/span><\/span><\/div><\/a><\/div><div class=\"qg-img qg-no-title\" data-defwidth=\"383\"><a href=\"http:\/\/www.restaurantegloria.com.br\/site\/wp-content\/uploads\/2022\/11\/RestauranteGl\u00f3ria_034-scaled.jpg\" data-rel=\"lightbox[group-871]\" title=\"\" ><img decoding=\"async\" src=\"http:\/\/www.restaurantegloria.com.br\/site\/wp-content\/uploads\/2022\/11\/RestauranteGl\u00f3ria_034-scaled-383x256.jpg\" alt=\"\"\/><div class=\"qg-overlay\"><span class=\"icon-circle\"><span class=\"pg-icon lightbox-icon\"><\/span><\/span><\/div><\/a><\/div><div class=\"qg-img qg-no-title\" data-defwidth=\"383\"><a href=\"http:\/\/www.restaurantegloria.com.br\/site\/wp-content\/uploads\/2022\/11\/RestauranteGl\u00f3ria_037-scaled.jpg\" data-rel=\"lightbox[group-871]\" title=\"\" ><img decoding=\"async\" src=\"http:\/\/www.restaurantegloria.com.br\/site\/wp-content\/uploads\/2022\/11\/RestauranteGl\u00f3ria_037-scaled-383x256.jpg\" alt=\"\"\/><div class=\"qg-overlay\"><span class=\"icon-circle\"><span class=\"pg-icon lightbox-icon\"><\/span><\/span><\/div><\/a><\/div><div class=\"qg-img qg-no-title\" data-defwidth=\"383\"><a href=\"http:\/\/www.restaurantegloria.com.br\/site\/wp-content\/uploads\/2022\/11\/RestauranteGl\u00f3ria_032-scaled.jpg\" data-rel=\"lightbox[group-871]\" title=\"\" ><img decoding=\"async\" src=\"http:\/\/www.restaurantegloria.com.br\/site\/wp-content\/uploads\/2022\/11\/RestauranteGl\u00f3ria_032-scaled-383x256.jpg\" alt=\"\"\/><div class=\"qg-overlay\"><span class=\"icon-circle\"><span class=\"pg-icon lightbox-icon\"><\/span><\/span><\/div><\/a><\/div><div class=\"qg-img qg-no-title\" data-defwidth=\"383\"><a href=\"http:\/\/www.restaurantegloria.com.br\/site\/wp-content\/uploads\/2015\/12\/Almoco_1.jpg\" data-rel=\"lightbox[group-871]\" title=\"\" ><img decoding=\"async\" src=\"http:\/\/www.restaurantegloria.com.br\/site\/wp-content\/uploads\/2015\/12\/Almoco_1-383x255.jpg\" alt=\"\"\/><div class=\"qg-overlay\"><span class=\"icon-circle\"><span class=\"pg-icon lightbox-icon\"><\/span><\/span><\/div><\/a><\/div><div class=\"qg-img qg-no-title\" data-defwidth=\"383\"><a href=\"http:\/\/www.restaurantegloria.com.br\/site\/wp-content\/uploads\/2022\/11\/RestauranteGl\u00f3ria_019-scaled.jpg\" data-rel=\"lightbox[group-871]\" title=\"\" ><img decoding=\"async\" src=\"http:\/\/www.restaurantegloria.com.br\/site\/wp-content\/uploads\/2022\/11\/RestauranteGl\u00f3ria_019-scaled-383x256.jpg\" alt=\"\"\/><div class=\"qg-overlay\"><span class=\"icon-circle\"><span class=\"pg-icon lightbox-icon\"><\/span><\/span><\/div><\/a><\/div><div class=\"qg-img qg-no-title\" data-defwidth=\"383\"><a href=\"http:\/\/www.restaurantegloria.com.br\/site\/wp-content\/uploads\/2022\/11\/RestauranteGl\u00f3ria_010-scaled.jpg\" data-rel=\"lightbox[group-871]\" title=\"\" ><img decoding=\"async\" src=\"http:\/\/www.restaurantegloria.com.br\/site\/wp-content\/uploads\/2022\/11\/RestauranteGl\u00f3ria_010-scaled-383x256.jpg\" alt=\"\"\/><div class=\"qg-overlay\"><span class=\"icon-circle\"><span class=\"pg-icon lightbox-icon\"><\/span><\/span><\/div><\/a><\/div><div class=\"qg-img qg-no-title\" data-defwidth=\"383\"><a href=\"http:\/\/www.restaurantegloria.com.br\/site\/wp-content\/uploads\/2015\/12\/Jantar-1.jpg\" data-rel=\"lightbox[group-871]\" title=\"\" ><img decoding=\"async\" src=\"http:\/\/www.restaurantegloria.com.br\/site\/wp-content\/uploads\/2015\/12\/Jantar-1-383x258.jpg\" alt=\"\"\/><div class=\"qg-overlay\"><span class=\"icon-circle\"><span class=\"pg-icon lightbox-icon\"><\/span><\/span><\/div><\/a><\/div><div class=\"clear\"><\/div><\/div>\n<p>&nbsp;<\/p>\n","protected":false},"excerpt":{"rendered":"<p>O Restaurante Gl\u00f3ria oferece diariamente buffet de comida a quilo, elaborado com muita variedade de carnes, acompanhamentos, saladas e sobremesas. [&hellip;]<\/p>\n","protected":false},"author":1,"featured_media":347,"parent":0,"menu_order":0,"comment_status":"closed","ping_status":"closed","template":"template-full-custom.php","meta":{"footnotes":""},"class_list":["post-87","page","type-page","status-publish","has-post-thumbnail","hentry"],"_links":{"self":[{"href":"http:\/\/www.restaurantegloria.com.br\/site\/wp-json\/wp\/v2\/pages\/87","targetHints":{"allow":["GET"]}}],"collection":[{"href":"http:\/\/www.restaurantegloria.com.br\/site\/wp-json\/wp\/v2\/pages"}],"about":[{"href":"http:\/\/www.restaurantegloria.com.br\/site\/wp-json\/wp\/v2\/types\/page"}],"author":[{"embeddable":true,"href":"http:\/\/www.restaurantegloria.com.br\/site\/wp-json\/wp\/v2\/users\/1"}],"replies":[{"embeddable":true,"href":"http:\/\/www.restaurantegloria.com.br\/site\/wp-json\/wp\/v2\/comments?post=87"}],"version-history":[{"count":16,"href":"http:\/\/www.restaurantegloria.com.br\/site\/wp-json\/wp\/v2\/pages\/87\/revisions"}],"predecessor-version":[{"id":376,"href":"http:\/\/www.restaurantegloria.com.br\/site\/wp-json\/wp\/v2\/pages\/87\/revisions\/376"}],"wp:featuredmedia":[{"embeddable":true,"href":"http:\/\/www.restaurantegloria.com.br\/site\/wp-json\/wp\/v2\/media\/347"}],"wp:attachment":[{"href":"http:\/\/www.restaurantegloria.com.br\/site\/wp-json\/wp\/v2\/media?parent=87"}],"curies":[{"name":"wp","href":"https:\/\/api.w.org\/{rel}","templated":true}]}}