{"id":92,"date":"2015-12-21T00:46:43","date_gmt":"2015-12-21T00:46:43","guid":{"rendered":"http:\/\/www.restaurantegloria.com.br\/site\/?page_id=92"},"modified":"2022-11-28T19:29:16","modified_gmt":"2022-11-28T19:29:16","slug":"o-restaurante","status":"publish","type":"page","link":"http:\/\/www.restaurantegloria.com.br\/site\/o-restaurante\/","title":{"rendered":"O Restaurante"},"content":{"rendered":"<h3>O Restaurante Gl\u00f3ria atua no mercado h\u00e1 33 anos com as prioridades de oferecer excel\u00eancia na qualidade de seus pratos e no conforto para os clientes. Sua gastronomia \u00e9 elaborada com origem na comida caseira e nas del\u00edcias da culin\u00e1ria alem\u00e3.<\/h3>\n<h3 style=\"text-align: justify;\">Destaca-se tamb\u00e9m pela sua estrutura para a realiza\u00e7\u00e3o de eventos. Atualmente, o Restaurante Gl\u00f3ria possui\u00a03 sal\u00f5es modernos e confort\u00e1veis, com capacidades entre 150 a 550 pessoas.<\/h3>\n<h3 style=\"text-align: justify;\">O Restaurante disponibiliza um estacionamento amplo e gratuito que comporta mais de\u00a0260 carros simultaneamente.<\/h3>\n<div class=\"quick-gallery page-masonry\"><div class=\"qg-img qg-no-title\" data-defwidth=\"383\"><a href=\"http:\/\/www.restaurantegloria.com.br\/site\/wp-content\/uploads\/2022\/11\/RG_0169-scaled.jpg\" data-rel=\"lightbox[group-921]\" title=\"\" ><img decoding=\"async\" src=\"http:\/\/www.restaurantegloria.com.br\/site\/wp-content\/uploads\/2022\/11\/RG_0169-scaled-383x255.jpg\" alt=\"\"\/><div class=\"qg-overlay\"><span class=\"icon-circle\"><span class=\"pg-icon lightbox-icon\"><\/span><\/span><\/div><\/a><\/div><div class=\"qg-img qg-no-title\" data-defwidth=\"383\"><a href=\"http:\/\/www.restaurantegloria.com.br\/site\/wp-content\/uploads\/2022\/11\/RestauranteGl\u00f3ria_001-scaled.jpg\" data-rel=\"lightbox[group-921]\" title=\"\" ><img decoding=\"async\" src=\"http:\/\/www.restaurantegloria.com.br\/site\/wp-content\/uploads\/2022\/11\/RestauranteGl\u00f3ria_001-scaled-383x256.jpg\" alt=\"\"\/><div class=\"qg-overlay\"><span class=\"icon-circle\"><span class=\"pg-icon lightbox-icon\"><\/span><\/span><\/div><\/a><\/div><div class=\"qg-img qg-no-title\" data-defwidth=\"383\"><a href=\"http:\/\/www.restaurantegloria.com.br\/site\/wp-content\/uploads\/2022\/11\/RG_0050-1-scaled.jpg\" data-rel=\"lightbox[group-921]\" title=\"\" ><img decoding=\"async\" src=\"http:\/\/www.restaurantegloria.com.br\/site\/wp-content\/uploads\/2022\/11\/RG_0050-1-scaled-383x255.jpg\" alt=\"\"\/><div class=\"qg-overlay\"><span class=\"icon-circle\"><span class=\"pg-icon lightbox-icon\"><\/span><\/span><\/div><\/a><\/div><div class=\"qg-img qg-no-title\" data-defwidth=\"383\"><a href=\"http:\/\/www.restaurantegloria.com.br\/site\/wp-content\/uploads\/2015\/12\/O-Restaurante3.jpg\" data-rel=\"lightbox[group-921]\" title=\"\" ><img decoding=\"async\" src=\"http:\/\/www.restaurantegloria.com.br\/site\/wp-content\/uploads\/2015\/12\/O-Restaurante3-383x255.jpg\" alt=\"\"\/><div class=\"qg-overlay\"><span class=\"icon-circle\"><span class=\"pg-icon lightbox-icon\"><\/span><\/span><\/div><\/a><\/div><div class=\"qg-img qg-no-title\" data-defwidth=\"383\"><a href=\"http:\/\/www.restaurantegloria.com.br\/site\/wp-content\/uploads\/2022\/11\/RestauranteGl\u00f3ria_016-scaled.jpg\" data-rel=\"lightbox[group-921]\" title=\"\" ><img decoding=\"async\" src=\"http:\/\/www.restaurantegloria.com.br\/site\/wp-content\/uploads\/2022\/11\/RestauranteGl\u00f3ria_016-scaled-383x256.jpg\" alt=\"\"\/><div class=\"qg-overlay\"><span class=\"icon-circle\"><span class=\"pg-icon lightbox-icon\"><\/span><\/span><\/div><\/a><\/div><div class=\"qg-img qg-no-title\" data-defwidth=\"383\"><a href=\"http:\/\/www.restaurantegloria.com.br\/site\/wp-content\/uploads\/2022\/11\/RestauranteGl\u00f3ria_019-scaled.jpg\" data-rel=\"lightbox[group-921]\" title=\"\" ><img decoding=\"async\" src=\"http:\/\/www.restaurantegloria.com.br\/site\/wp-content\/uploads\/2022\/11\/RestauranteGl\u00f3ria_019-scaled-383x256.jpg\" alt=\"\"\/><div class=\"qg-overlay\"><span class=\"icon-circle\"><span class=\"pg-icon lightbox-icon\"><\/span><\/span><\/div><\/a><\/div><div class=\"qg-img qg-no-title\" data-defwidth=\"383\"><a href=\"http:\/\/www.restaurantegloria.com.br\/site\/wp-content\/uploads\/2022\/11\/RestauranteGl\u00f3ria_007-scaled.jpg\" data-rel=\"lightbox[group-921]\" title=\"\" ><img decoding=\"async\" src=\"http:\/\/www.restaurantegloria.com.br\/site\/wp-content\/uploads\/2022\/11\/RestauranteGl\u00f3ria_007-scaled-383x256.jpg\" alt=\"\"\/><div class=\"qg-overlay\"><span class=\"icon-circle\"><span class=\"pg-icon lightbox-icon\"><\/span><\/span><\/div><\/a><\/div><div class=\"qg-img qg-no-title\" data-defwidth=\"383\"><a href=\"http:\/\/www.restaurantegloria.com.br\/site\/wp-content\/uploads\/2022\/11\/RestauranteGl\u00f3ria_010-scaled.jpg\" data-rel=\"lightbox[group-921]\" title=\"\" ><img decoding=\"async\" src=\"http:\/\/www.restaurantegloria.com.br\/site\/wp-content\/uploads\/2022\/11\/RestauranteGl\u00f3ria_010-scaled-383x256.jpg\" alt=\"\"\/><div class=\"qg-overlay\"><span class=\"icon-circle\"><span class=\"pg-icon lightbox-icon\"><\/span><\/span><\/div><\/a><\/div><div class=\"qg-img qg-no-title\" data-defwidth=\"383\"><a href=\"http:\/\/www.restaurantegloria.com.br\/site\/wp-content\/uploads\/2020\/03\/BG-Restaurante.jpg\" data-rel=\"lightbox[group-921]\" title=\"\" ><img decoding=\"async\" src=\"http:\/\/www.restaurantegloria.com.br\/site\/wp-content\/uploads\/2020\/03\/BG-Restaurante-383x258.jpg\" alt=\"\"\/><div class=\"qg-overlay\"><span class=\"icon-circle\"><span class=\"pg-icon lightbox-icon\"><\/span><\/span><\/div><\/a><\/div><div class=\"clear\"><\/div><\/div>\n<div class=\"section-full-width section-dark parallax-fixed\" style=\"background-color:#cff4c0;\" id=\"saboreienossasdel\u00edciasnasuacasa\"><div class=\"section-boxed\" style=\"color:#39892f;\"><h2 class=\"section-title\" style=\"color:#39892f;\">Saboreie nossas del\u00edcias na sua casa<\/h2><h4 style=\"color:#39892f;\" class=\"sub-title\">Pratos Congelados Restaurante Gl\u00f3ria<\/h4><\/p>\n<h1 style=\"text-align: center;\"><img decoding=\"async\" class=\"img-frame aligncenter\" src=\"http:\/\/www.restaurantegloria.com.br\/site\/wp-content\/uploads\/2015\/12\/Congelados.png\" alt=\"\" \/><\/h1>\n<div class=\"cta-element\"><h2 class=\"cta-title\"><\/h2><a class=\"button\" href=\"http:\/\/www.restaurantegloria.com.br\/site\/contato\/\">Solicitar Agora<\/a><\/div>\n<p>\n<\/div><\/div>\n<p>&nbsp;<\/p>\n","protected":false},"excerpt":{"rendered":"<p>O Restaurante Gl\u00f3ria atua no mercado h\u00e1 33 anos com as prioridades de oferecer excel\u00eancia na qualidade de seus pratos [&hellip;]<\/p>\n","protected":false},"author":1,"featured_media":0,"parent":0,"menu_order":0,"comment_status":"closed","ping_status":"closed","template":"template-full-custom.php","meta":{"footnotes":""},"class_list":["post-92","page","type-page","status-publish","hentry"],"_links":{"self":[{"href":"http:\/\/www.restaurantegloria.com.br\/site\/wp-json\/wp\/v2\/pages\/92","targetHints":{"allow":["GET"]}}],"collection":[{"href":"http:\/\/www.restaurantegloria.com.br\/site\/wp-json\/wp\/v2\/pages"}],"about":[{"href":"http:\/\/www.restaurantegloria.com.br\/site\/wp-json\/wp\/v2\/types\/page"}],"author":[{"embeddable":true,"href":"http:\/\/www.restaurantegloria.com.br\/site\/wp-json\/wp\/v2\/users\/1"}],"replies":[{"embeddable":true,"href":"http:\/\/www.restaurantegloria.com.br\/site\/wp-json\/wp\/v2\/comments?post=92"}],"version-history":[{"count":39,"href":"http:\/\/www.restaurantegloria.com.br\/site\/wp-json\/wp\/v2\/pages\/92\/revisions"}],"predecessor-version":[{"id":375,"href":"http:\/\/www.restaurantegloria.com.br\/site\/wp-json\/wp\/v2\/pages\/92\/revisions\/375"}],"wp:attachment":[{"href":"http:\/\/www.restaurantegloria.com.br\/site\/wp-json\/wp\/v2\/media?parent=92"}],"curies":[{"name":"wp","href":"https:\/\/api.w.org\/{rel}","templated":true}]}}