{"id":96,"date":"2015-12-21T00:49:14","date_gmt":"2015-12-21T00:49:14","guid":{"rendered":"http:\/\/www.restaurantegloria.com.br\/site\/?page_id=96"},"modified":"2020-03-11T03:01:14","modified_gmt":"2020-03-11T03:01:14","slug":"salao-verde-branco","status":"publish","type":"page","link":"http:\/\/www.restaurantegloria.com.br\/site\/salao-verde-branco\/","title":{"rendered":"Sal\u00e3o Verde &#038; Branco"},"content":{"rendered":"<h3>O Sal\u00e3o Verde &amp; Branco oferece um ambiente aconchegante e pr\u00e1tico. \u00a0\u00c9 recomendado\u00a0para eventos sociais e corporativos com at\u00e9 150 convidados.<\/h3>\n<h3>Oferecemos v\u00e1rios tipos de card\u00e1pios j\u00e1 elaborados para almo\u00e7o ou jantar, em conjunto com servi\u00e7os de ma\u00eetres, gar\u00e7ons, recepcionistas e decora\u00e7\u00e3o.<\/h3>\n<p>&nbsp;<\/p>\n<div class=\"quick-gallery page-masonry\"><div class=\"qg-img qg-no-title\" data-defwidth=\"383\"><a href=\"http:\/\/www.restaurantegloria.com.br\/site\/wp-content\/uploads\/2015\/12\/VB-1.jpeg\" data-rel=\"lightbox[group-961]\" title=\"\" ><img decoding=\"async\" src=\"http:\/\/www.restaurantegloria.com.br\/site\/wp-content\/uploads\/2015\/12\/VB-1-383x174.jpeg\" alt=\"\"\/><div class=\"qg-overlay\"><span class=\"icon-circle\"><span class=\"pg-icon lightbox-icon\"><\/span><\/span><\/div><\/a><\/div><div class=\"qg-img qg-no-title\" data-defwidth=\"383\"><a href=\"http:\/\/www.restaurantegloria.com.br\/site\/wp-content\/uploads\/2015\/12\/VB-2.jpeg\" data-rel=\"lightbox[group-961]\" title=\"\" ><img decoding=\"async\" src=\"http:\/\/www.restaurantegloria.com.br\/site\/wp-content\/uploads\/2015\/12\/VB-2-383x255.jpeg\" alt=\"\"\/><div class=\"qg-overlay\"><span class=\"icon-circle\"><span class=\"pg-icon lightbox-icon\"><\/span><\/span><\/div><\/a><\/div><div class=\"qg-img qg-no-title\" data-defwidth=\"383\"><a href=\"http:\/\/www.restaurantegloria.com.br\/site\/wp-content\/uploads\/2015\/12\/Verde_Branco7-1.jpg\" data-rel=\"lightbox[group-961]\" title=\"\" ><img decoding=\"async\" src=\"http:\/\/www.restaurantegloria.com.br\/site\/wp-content\/uploads\/2015\/12\/Verde_Branco7-1-383x255.jpg\" alt=\"\"\/><div class=\"qg-overlay\"><span class=\"icon-circle\"><span class=\"pg-icon lightbox-icon\"><\/span><\/span><\/div><\/a><\/div><div class=\"qg-img qg-no-title\" data-defwidth=\"383\"><a href=\"http:\/\/www.restaurantegloria.com.br\/site\/wp-content\/uploads\/2015\/12\/Verde_Branco4-1.jpg\" data-rel=\"lightbox[group-961]\" title=\"\" ><img decoding=\"async\" src=\"http:\/\/www.restaurantegloria.com.br\/site\/wp-content\/uploads\/2015\/12\/Verde_Branco4-1-383x255.jpg\" alt=\"\"\/><div class=\"qg-overlay\"><span class=\"icon-circle\"><span class=\"pg-icon lightbox-icon\"><\/span><\/span><\/div><\/a><\/div><div class=\"qg-img qg-no-title\" data-defwidth=\"383\"><a href=\"http:\/\/www.restaurantegloria.com.br\/site\/wp-content\/uploads\/2015\/12\/Verde_Branco6-1.jpg\" data-rel=\"lightbox[group-961]\" title=\"\" ><img decoding=\"async\" src=\"http:\/\/www.restaurantegloria.com.br\/site\/wp-content\/uploads\/2015\/12\/Verde_Branco6-1-383x255.jpg\" alt=\"\"\/><div class=\"qg-overlay\"><span class=\"icon-circle\"><span class=\"pg-icon lightbox-icon\"><\/span><\/span><\/div><\/a><\/div><div class=\"qg-img qg-no-title\" data-defwidth=\"383\"><a href=\"http:\/\/www.restaurantegloria.com.br\/site\/wp-content\/uploads\/2015\/12\/Verde_Branco5-1.jpg\" data-rel=\"lightbox[group-961]\" title=\"\" ><img decoding=\"async\" src=\"http:\/\/www.restaurantegloria.com.br\/site\/wp-content\/uploads\/2015\/12\/Verde_Branco5-1-383x255.jpg\" alt=\"\"\/><div class=\"qg-overlay\"><span class=\"icon-circle\"><span class=\"pg-icon lightbox-icon\"><\/span><\/span><\/div><\/a><\/div><div class=\"qg-img qg-no-title\" data-defwidth=\"383\"><a href=\"http:\/\/www.restaurantegloria.com.br\/site\/wp-content\/uploads\/2015\/12\/Verde_Branco3-1.jpg\" data-rel=\"lightbox[group-961]\" title=\"\" ><img decoding=\"async\" src=\"http:\/\/www.restaurantegloria.com.br\/site\/wp-content\/uploads\/2015\/12\/Verde_Branco3-1-383x255.jpg\" alt=\"\"\/><div class=\"qg-overlay\"><span class=\"icon-circle\"><span class=\"pg-icon lightbox-icon\"><\/span><\/span><\/div><\/a><\/div><div class=\"qg-img qg-no-title\" data-defwidth=\"383\"><a href=\"http:\/\/www.restaurantegloria.com.br\/site\/wp-content\/uploads\/2015\/12\/Verde_Branco8-1.jpg\" data-rel=\"lightbox[group-961]\" title=\"\" ><img decoding=\"async\" src=\"http:\/\/www.restaurantegloria.com.br\/site\/wp-content\/uploads\/2015\/12\/Verde_Branco8-1-383x255.jpg\" alt=\"\"\/><div class=\"qg-overlay\"><span class=\"icon-circle\"><span class=\"pg-icon lightbox-icon\"><\/span><\/span><\/div><\/a><\/div><div class=\"clear\"><\/div><\/div>\n<div class=\"section-full-width section-custom parallax-fixed\" style=\"\" id=\"section-1\"><div style=\"background-image:url(http:\/\/www.restaurantegloria.com.br\/site\/wp-content\/uploads\/2015\/12\/Verde_Branco-4.jpg); opacity:0.2; filter: alpha(opacity=20);\" class=\"full-bg-image\" ><\/div><div class=\"section-boxed\" style=\"color:#;\"><div class=\"cta-element\"><h2 class=\"cta-title\">FA\u00c7A UM OR\u00c7AMENTO<\/h2><a class=\"button\" href=\"http:\/\/www.restaurantegloria.com.br\/site\/contato\/\" style=\"background-color:#39892f\">Solicitar agora<\/a><\/div>\n<\/div><\/div>\n","protected":false},"excerpt":{"rendered":"<p>O Sal\u00e3o Verde &amp; Branco oferece um ambiente aconchegante e pr\u00e1tico. \u00a0\u00c9 recomendado\u00a0para eventos sociais e corporativos com at\u00e9 150 [&hellip;]<\/p>\n","protected":false},"author":1,"featured_media":0,"parent":0,"menu_order":0,"comment_status":"closed","ping_status":"closed","template":"template-full-custom.php","meta":{"footnotes":""},"class_list":["post-96","page","type-page","status-publish","hentry"],"_links":{"self":[{"href":"http:\/\/www.restaurantegloria.com.br\/site\/wp-json\/wp\/v2\/pages\/96","targetHints":{"allow":["GET"]}}],"collection":[{"href":"http:\/\/www.restaurantegloria.com.br\/site\/wp-json\/wp\/v2\/pages"}],"about":[{"href":"http:\/\/www.restaurantegloria.com.br\/site\/wp-json\/wp\/v2\/types\/page"}],"author":[{"embeddable":true,"href":"http:\/\/www.restaurantegloria.com.br\/site\/wp-json\/wp\/v2\/users\/1"}],"replies":[{"embeddable":true,"href":"http:\/\/www.restaurantegloria.com.br\/site\/wp-json\/wp\/v2\/comments?post=96"}],"version-history":[{"count":17,"href":"http:\/\/www.restaurantegloria.com.br\/site\/wp-json\/wp\/v2\/pages\/96\/revisions"}],"predecessor-version":[{"id":307,"href":"http:\/\/www.restaurantegloria.com.br\/site\/wp-json\/wp\/v2\/pages\/96\/revisions\/307"}],"wp:attachment":[{"href":"http:\/\/www.restaurantegloria.com.br\/site\/wp-json\/wp\/v2\/media?parent=96"}],"curies":[{"name":"wp","href":"https:\/\/api.w.org\/{rel}","templated":true}]}}